{"id":357,"date":"2020-08-24T06:54:14","date_gmt":"2020-08-24T09:54:14","guid":{"rendered":"https:\/\/betellugarparatodos.com.ar\/?page_id=357"},"modified":"2023-04-20T21:43:28","modified_gmt":"2023-04-21T00:43:28","slug":"soy-nuevo","status":"publish","type":"page","link":"https:\/\/betellugarparatodos.com.ar\/?page_id=357","title":{"rendered":"Soy nuevo"},"content":{"rendered":"\n<div class=\"wp-block-uagb-container uagb-block-273ef3b5 alignfull uagb-is-root-container\"><div class=\"uagb-container-inner-blocks-wrap\">\n<div class=\"wp-block-uagb-container uagb-block-c3e4e065\">\n<div style=\"height:203px\" aria-hidden=\"true\" class=\"wp-block-spacer\"><\/div>\n\n\n\n<p class=\"has-text-align-center has-ast-global-color-5-color has-text-color has-medium-font-size\">Estos 4 principios que van a cambiar tu vida<\/p>\n\n\n\n<h2 class=\"wp-block-heading has-text-align-center has-ast-global-color-8-color has-text-color\" style=\"margin-top:0;margin-right:0;margin-bottom:300px;margin-left:0;font-size:45px\">Dios tiene un plan para el ser humano<\/h2>\n<\/div>\n<\/div><\/div>\n\n\n\n<div class=\"wp-block-uagb-container uagb-block-b32d7c23 alignfull uagb-is-root-container\"><div class=\"uagb-container-inner-blocks-wrap\">\n<div class=\"wp-block-uagb-container uagb-block-667b6708\">\n<div class=\"wp-block-uagb-advanced-heading uagb-block-584c0d95\"><h2 class=\"uagb-heading-text\">\u00bfQue quiere Dios con migo?<\/h2><div class=\"uagb-separator\"><\/div><\/div>\n\n\n\n<div class=\"wp-block-uagb-container uagb-block-2f348bc8\">\n<div class=\"wp-block-uagb-container uagb-block-08940ace\">\n<div class=\"wp-block-uagb-container uagb-block-e5424478\">\n<figure class=\"wp-block-image size-full\"><img fetchpriority=\"high\" decoding=\"async\" width=\"640\" height=\"426\" src=\"https:\/\/betellugarparatodos.com.ar\/wp-content\/uploads\/2023\/03\/Nubes-dios-habalndo.webp\" alt=\"\" class=\"wp-image-1364\" srcset=\"https:\/\/betellugarparatodos.com.ar\/wp-content\/uploads\/2023\/03\/Nubes-dios-habalndo.webp 640w, https:\/\/betellugarparatodos.com.ar\/wp-content\/uploads\/2023\/03\/Nubes-dios-habalndo-300x200.webp 300w\" sizes=\"(max-width: 640px) 100vw, 640px\" \/><\/figure>\n<\/div>\n<\/div>\n\n\n\n<div class=\"wp-block-uagb-container uagb-block-771c36b0\">\n<h2 class=\"wp-block-heading has-text-align-center has-ast-global-color-5-color has-text-color\">Dios te ama<\/h2>\n\n\n\n<div class=\"wp-block-uagb-advanced-heading uagb-block-3604be2b\"><p class=\"uagb-heading-text\">Dios te ama m\u00e1s de lo que puedas imaginar, no importa qui\u00e9n eres o lo que has hecho en tu vida. \u00c9l te cre\u00f3 para tener una relaci\u00f3n personal contigo y para que puedas experimentar su amor y su cuidado. Nunca hay nada que puedas hacer para alejarte del amor de Dios, \u00e9l siempre estar\u00e1 all\u00ed para ti.<\/p><div class=\"uagb-separator\"><\/div><p class=\"uagb-desc-text\">\u00bfEn d\u00f3nde lo dice? En la b\u00edblica: \u00abPero Dios muestra su amor por nosotros en que, siendo a\u00fan pecadores, Cristo muri\u00f3 por nosotros.\u00bb &#8211; Romanos 5:8 (NVI)<\/p><\/div>\n<\/div>\n<\/div>\n<\/div>\n<\/div><\/div>\n\n\n\n<div class=\"wp-block-uagb-container uagb-block-5d3063b5 alignfull uagb-is-root-container\"><div class=\"uagb-container-inner-blocks-wrap\">\n<div class=\"wp-block-uagb-container uagb-block-1e0b6340\">\n<div class=\"wp-block-uagb-advanced-heading uagb-block-ef9e4f6d\"><h2 class=\"uagb-heading-text\">\u00bfCual es el problema?<\/h2><div class=\"uagb-separator\"><\/div><\/div>\n\n\n\n<div class=\"wp-block-uagb-container uagb-block-9bbaa728\">\n<div class=\"wp-block-uagb-container uagb-block-2ed210f4\">\n<div class=\"wp-block-uagb-container uagb-block-04d5da49\">\n<figure class=\"wp-block-image size-full\"><img decoding=\"async\" width=\"640\" height=\"426\" src=\"https:\/\/betellugarparatodos.com.ar\/wp-content\/uploads\/2023\/03\/fallen-angel-on-the-top-of-a-mountain.jpg\" alt=\"\" class=\"wp-image-1399\" srcset=\"https:\/\/betellugarparatodos.com.ar\/wp-content\/uploads\/2023\/03\/fallen-angel-on-the-top-of-a-mountain.jpg 640w, https:\/\/betellugarparatodos.com.ar\/wp-content\/uploads\/2023\/03\/fallen-angel-on-the-top-of-a-mountain-300x200.jpg 300w\" sizes=\"(max-width: 640px) 100vw, 640px\" \/><\/figure>\n<\/div>\n<\/div>\n\n\n\n<div class=\"wp-block-uagb-container uagb-block-497260c1\">\n<h2 class=\"wp-block-heading has-text-align-center has-ast-global-color-5-color has-text-color\">El pecado nos separa de Dios<\/h2>\n\n\n\n<div class=\"wp-block-uagb-advanced-heading uagb-block-9a1e3ebe\"><p class=\"uagb-heading-text\">El pecado es cualquier cosa que hacemos o pensamos que va en contra de lo que Dios quiere para nosotros. Todos hemos pecado en alg\u00fan momento de nuestra vida y esa es la raz\u00f3n por la cual estamos separados de Dios. Pero no hay que preocuparse, porque Dios ha hecho algo al respecto.<\/p><div class=\"uagb-separator\"><\/div><p class=\"uagb-desc-text\">\u00bfEn d\u00f3nde lo dice? En la b\u00edblica: \u00abPues la paga del pecado es muerte, pero la d\u00e1diva de Dios es vida eterna en Cristo Jes\u00fas, nuestro Se\u00f1or.\u00bb &#8211; Romanos 6:23 (NVI)<\/p><\/div>\n<\/div>\n<\/div>\n<\/div>\n<\/div><\/div>\n\n\n\n<div class=\"wp-block-uagb-container uagb-block-8aa9e95f alignfull uagb-is-root-container\"><div class=\"uagb-container-inner-blocks-wrap\">\n<div class=\"wp-block-uagb-container uagb-block-8618b19e\">\n<div class=\"wp-block-uagb-advanced-heading uagb-block-fd8ab9b3\"><h2 class=\"uagb-heading-text\">\u00bfQu\u00e9 fue lo que hizo Dios por mi?<\/h2><div class=\"uagb-separator\"><\/div><\/div>\n\n\n\n<div class=\"wp-block-uagb-container uagb-block-33237e63\">\n<div class=\"wp-block-uagb-container uagb-block-96d9f48e\">\n<div class=\"wp-block-uagb-container uagb-block-49b8e762\">\n<figure class=\"wp-block-image size-full\"><img decoding=\"async\" width=\"640\" height=\"426\" src=\"https:\/\/betellugarparatodos.com.ar\/wp-content\/uploads\/2023\/03\/la-cruz.jpg\" alt=\"\" class=\"wp-image-1401\" srcset=\"https:\/\/betellugarparatodos.com.ar\/wp-content\/uploads\/2023\/03\/la-cruz.jpg 640w, https:\/\/betellugarparatodos.com.ar\/wp-content\/uploads\/2023\/03\/la-cruz-300x200.jpg 300w\" sizes=\"(max-width: 640px) 100vw, 640px\" \/><\/figure>\n<\/div>\n<\/div>\n\n\n\n<div class=\"wp-block-uagb-container uagb-block-a62c845a\">\n<h2 class=\"wp-block-heading has-text-align-center has-ast-global-color-5-color has-text-color\">Dios envi\u00f3 a Jes\u00fas<\/h2>\n\n\n\n<div class=\"wp-block-uagb-advanced-heading uagb-block-c405a7d1\"><p class=\"uagb-heading-text\">Dios envi\u00f3 a su hijo Jes\u00fas al mundo para salvarnos del pecado y la muerte. Jes\u00fas vivi\u00f3 una vida perfecta, muri\u00f3 en la cruz y resucit\u00f3 al tercer d\u00eda para que pudi\u00e9ramos tener vida eterna. No importa qui\u00e9n eres o lo que hayas hecho, si aceptas a Jes\u00fas como tu salvador, puedes tener una relaci\u00f3n personal con Dios y experimentar su amor y perd\u00f3n.<\/p><div class=\"uagb-separator\"><\/div><p class=\"uagb-desc-text\">\u00bfEn d\u00f3nde lo dice? En la b\u00edblica: \u00abPorque tanto am\u00f3 Dios al mundo que dio a su Hijo unig\u00e9nito, para que todo el que cree en \u00e9l no se pierda, sino que tenga vida eterna.\u00bb &#8211; Juan 3:16 (NVI)<\/p><\/div>\n<\/div>\n<\/div>\n<\/div>\n<\/div><\/div>\n\n\n\n<div class=\"wp-block-uagb-container uagb-block-952aaa74 alignfull uagb-is-root-container\"><div class=\"uagb-container-inner-blocks-wrap\">\n<div class=\"wp-block-uagb-container uagb-block-bee607b6\">\n<div class=\"wp-block-uagb-advanced-heading uagb-block-0e2510ec\"><h2 class=\"uagb-heading-text\">\u00bfQu\u00e9 es lo que tengo que hacer?<\/h2><div class=\"uagb-separator\"><\/div><\/div>\n\n\n\n<div class=\"wp-block-uagb-container uagb-block-dc649c87\">\n<div class=\"wp-block-uagb-container uagb-block-07843cd8\">\n<div class=\"wp-block-uagb-container uagb-block-007137d8\">\n<figure class=\"wp-block-image size-full\"><img loading=\"lazy\" decoding=\"async\" width=\"640\" height=\"426\" src=\"https:\/\/betellugarparatodos.com.ar\/wp-content\/uploads\/2023\/03\/mano-extendidas-para-ayudar.jpg\" alt=\"\" class=\"wp-image-1406\" srcset=\"https:\/\/betellugarparatodos.com.ar\/wp-content\/uploads\/2023\/03\/mano-extendidas-para-ayudar.jpg 640w, https:\/\/betellugarparatodos.com.ar\/wp-content\/uploads\/2023\/03\/mano-extendidas-para-ayudar-300x200.jpg 300w\" sizes=\"(max-width: 640px) 100vw, 640px\" \/><\/figure>\n<\/div>\n<\/div>\n\n\n\n<div class=\"wp-block-uagb-container uagb-block-097ac1be\">\n<h2 class=\"wp-block-heading has-text-align-center has-ast-global-color-5-color has-text-color\">Conoce y acepta a Jes\u00fas<\/h2>\n\n\n\n<div class=\"wp-block-uagb-advanced-heading uagb-block-da37d690\"><p class=\"uagb-heading-text\">Conocer y aceptar a Jes\u00fas es la decisi\u00f3n m\u00e1s importante que puedes tomar en tu vida. Si crees que eres pecador y necesitas a un salvador, puedes aceptar a Jes\u00fas como tu salvador personal y tener vida eterna. \u00c9l te ama incondicionalmente y est\u00e1 listo para recibirte en su familia. Todo lo que necesitas hacer es orar y pedirle que entre en tu vida.<\/p><div class=\"uagb-separator\"><\/div><p class=\"uagb-desc-text\">\u00bfEn d\u00f3nde lo dice? En la b\u00edblica: \u00abMas a todos los que lo recibieron, a los que creen en su nombre, les dio el derecho de ser hijos de Dios.\u00bb &#8211; Juan 1:12 (NVI)<\/p><\/div>\n<\/div>\n<\/div>\n<\/div>\n<\/div><\/div>\n\n\n\n<div class=\"wp-block-uagb-container uagb-block-c6f69de9 alignfull uagb-is-root-container\"><div class=\"uagb-container-inner-blocks-wrap\">\n<div class=\"wp-block-uagb-container uagb-block-85791416\">\n<h3 class=\"wp-block-heading has-text-align-center\" style=\"text-decoration:underline\">Realiza esta oraci\u00f3n de fe<\/h3>\n\n\n\n<p class=\"has-text-align-center has-medium-font-size\">\u00abSe\u00f1or Jes\u00fas, hoy quiero entregarte mi vida. Creo que eres el Hijo de Dios, que viniste a este mundo y moriste por mis pecados. Reconozco que soy un pecador y te pido perd\u00f3n por ello. Te abro la puerta de mi coraz\u00f3n y te pido que seas mi Salvador y Se\u00f1or. Ay\u00fadame a vivir una vida que te honre y a seguirte todos los d\u00edas. Gracias por tu amor y por tu compania. Am\u00e9n.\u00bb<\/p>\n<\/div>\n<\/div><\/div>\n\n\n\n<div class=\"wp-block-uagb-container uagb-block-2c0d3319 alignfull uagb-is-root-container\"><div class=\"uagb-container-inner-blocks-wrap\">\n<h2 class=\"wp-block-heading has-text-align-center has-luminous-vivid-amber-color has-text-color\">\u00a1Te felicitamos por tu decisi\u00f3n de aceptar a Jes\u00fas!<\/h2>\n\n\n\n<p class=\"has-text-align-left has-ast-global-color-5-color has-text-color has-medium-font-size\">ACONTINUACION TE DEJAMOS UNA SERIA DE CONSEJOS PARA QUE TU RELACION CON DIOS CRESCA Y SE FORTALEZCA:<\/p>\n\n\n\n<div class=\"wp-block-uagb-container uagb-block-6b35efb8\">\n<div class=\"wp-block-uagb-icon-list uagb-block-eb370ab9\"><div class=\"uagb-icon-list__wrap\">\n<div class=\"wp-block-uagb-icon-list-child uagb-block-5849ef6d\"><span class=\"uagb-icon-list__source-wrap\"><svg xmlns=\"https:\/\/www.w3.org\/2000\/svg\" viewBox=\"0 0 448 512\"><path d=\"M323.5 51.25C302.8 70.5 284 90.75 267.4 111.1C240.1 73.62 206.2 35.5 168 0C69.75 91.12 0 210 0 281.6C0 408.9 100.2 512 224 512s224-103.1 224-230.4C448 228.4 396 118.5 323.5 51.25zM304.1 391.9C282.4 407 255.8 416 226.9 416c-72.13 0-130.9-47.73-130.9-125.2c0-38.63 24.24-72.64 72.74-130.8c7 8 98.88 125.4 98.88 125.4l58.63-66.88c4.125 6.75 7.867 13.52 11.24 19.9C364.9 290.6 353.4 357.4 304.1 391.9z\"><\/path><\/svg><\/span><span class=\"uagb-icon-list__label\">Sigue orando todos los dia<\/span><\/div>\n\n\n\n<div class=\"wp-block-uagb-icon-list-child uagb-block-fd339ec0\"><span class=\"uagb-icon-list__source-wrap\"><svg xmlns=\"https:\/\/www.w3.org\/2000\/svg\" viewBox=\"0 0 448 512\"><path d=\"M323.5 51.25C302.8 70.5 284 90.75 267.4 111.1C240.1 73.62 206.2 35.5 168 0C69.75 91.12 0 210 0 281.6C0 408.9 100.2 512 224 512s224-103.1 224-230.4C448 228.4 396 118.5 323.5 51.25zM304.1 391.9C282.4 407 255.8 416 226.9 416c-72.13 0-130.9-47.73-130.9-125.2c0-38.63 24.24-72.64 72.74-130.8c7 8 98.88 125.4 98.88 125.4l58.63-66.88c4.125 6.75 7.867 13.52 11.24 19.9C364.9 290.6 353.4 357.4 304.1 391.9z\"><\/path><\/svg><\/span><span class=\"uagb-icon-list__label\">Consigue una biblia o desc\u00e1rgala a tu celular para que vallas conociendo m\u00e1s a Jes\u00fas y lo que el quiere hacer en tu vida<\/span><\/div>\n\n\n\n<div class=\"wp-block-uagb-icon-list-child uagb-block-5d92f4f4\"><span class=\"uagb-icon-list__source-wrap\"><svg xmlns=\"https:\/\/www.w3.org\/2000\/svg\" viewBox=\"0 0 448 512\"><path d=\"M323.5 51.25C302.8 70.5 284 90.75 267.4 111.1C240.1 73.62 206.2 35.5 168 0C69.75 91.12 0 210 0 281.6C0 408.9 100.2 512 224 512s224-103.1 224-230.4C448 228.4 396 118.5 323.5 51.25zM304.1 391.9C282.4 407 255.8 416 226.9 416c-72.13 0-130.9-47.73-130.9-125.2c0-38.63 24.24-72.64 72.74-130.8c7 8 98.88 125.4 98.88 125.4l58.63-66.88c4.125 6.75 7.867 13.52 11.24 19.9C364.9 290.6 353.4 357.4 304.1 391.9z\"><\/path><\/svg><\/span><span class=\"uagb-icon-list__label\">Busca un lugar donde se re\u00fanan personas para aprender de la biblia y orar, una iglesia o comunidad cristiana <\/span><\/div>\n<\/div><\/div>\n<\/div>\n\n\n\n<h2 class=\"wp-block-heading has-text-align-center has-luminous-vivid-amber-background-color has-background\" style=\"font-size:25px\">Si quieres saber m\u00e1s de Jes\u00fas y ser parte de su iglesia, o todav\u00eda tenes dudas en cuanto a seguir a Jes\u00fas, te invitamos a completar el formulario que esta m\u00e1s abajo y a la brevedad nos pondremos en contacto con vos<\/h2>\n<\/div><\/div>\n","protected":false},"excerpt":{"rendered":"<p>Estos 4 principios que van a cambiar tu vida Dios tiene un plan para el ser humano \u00bfQue quiere Dios con migo? Dios te ama Dios te ama m\u00e1s de lo que puedas imaginar, no importa qui\u00e9n eres o lo que has hecho en tu vida. \u00c9l te cre\u00f3 para tener una relaci\u00f3n personal contigo [&hellip;]<\/p>\n","protected":false},"author":1,"featured_media":0,"parent":0,"menu_order":0,"comment_status":"closed","ping_status":"closed","template":"","meta":{"_uag_custom_page_level_css":"","site-sidebar-layout":"default","site-content-layout":"plain-container","ast-site-content-layout":"default","site-content-style":"default","site-sidebar-style":"default","ast-global-header-display":"","ast-banner-title-visibility":"","ast-main-header-display":"","ast-hfb-above-header-display":"","ast-hfb-below-header-display":"","ast-hfb-mobile-header-display":"","site-post-title":"disabled","ast-breadcrumbs-content":"","ast-featured-img":"","footer-sml-layout":"","ast-disable-related-posts":"","theme-transparent-header-meta":"enabled","adv-header-id-meta":"","stick-header-meta":"","header-above-stick-meta":"","header-main-stick-meta":"","header-below-stick-meta":"","astra-migrate-meta-layouts":"default","ast-page-background-enabled":"default","ast-page-background-meta":{"desktop":{"background-color":"","background-image":"","background-repeat":"repeat","background-position":"center center","background-size":"auto","background-attachment":"scroll","background-type":"","background-media":"","overlay-type":"","overlay-color":"","overlay-opacity":"","overlay-gradient":""},"tablet":{"background-color":"","background-image":"","background-repeat":"repeat","background-position":"center center","background-size":"auto","background-attachment":"scroll","background-type":"","background-media":"","overlay-type":"","overlay-color":"","overlay-opacity":"","overlay-gradient":""},"mobile":{"background-color":"","background-image":"","background-repeat":"repeat","background-position":"center center","background-size":"auto","background-attachment":"scroll","background-type":"","background-media":"","overlay-type":"","overlay-color":"","overlay-opacity":"","overlay-gradient":""}},"ast-content-background-meta":{"desktop":{"background-color":"var(--ast-global-color-5)","background-image":"","background-repeat":"repeat","background-position":"center center","background-size":"auto","background-attachment":"scroll","background-type":"","background-media":"","overlay-type":"","overlay-color":"","overlay-opacity":"","overlay-gradient":""},"tablet":{"background-color":"var(--ast-global-color-5)","background-image":"","background-repeat":"repeat","background-position":"center center","background-size":"auto","background-attachment":"scroll","background-type":"","background-media":"","overlay-type":"","overlay-color":"","overlay-opacity":"","overlay-gradient":""},"mobile":{"background-color":"var(--ast-global-color-5)","background-image":"","background-repeat":"repeat","background-position":"center center","background-size":"auto","background-attachment":"scroll","background-type":"","background-media":"","overlay-type":"","overlay-color":"","overlay-opacity":"","overlay-gradient":""}},"footnotes":""},"class_list":["post-357","page","type-page","status-publish","hentry"],"uagb_featured_image_src":{"full":false,"thumbnail":false,"medium":false,"medium_large":false,"large":false,"1536x1536":false,"2048x2048":false},"uagb_author_info":{"display_name":"Maximiliano","author_link":"https:\/\/betellugarparatodos.com.ar\/?author=1"},"uagb_comment_info":0,"uagb_excerpt":"Estos 4 principios que van a cambiar tu vida Dios tiene un plan para el ser humano \u00bfQue quiere Dios con migo? Dios te ama Dios te ama m\u00e1s de lo que puedas imaginar, no importa qui\u00e9n eres o lo que has hecho en tu vida. \u00c9l te cre\u00f3 para tener una relaci\u00f3n personal contigo&hellip;","_links":{"self":[{"href":"https:\/\/betellugarparatodos.com.ar\/index.php?rest_route=\/wp\/v2\/pages\/357","targetHints":{"allow":["GET"]}}],"collection":[{"href":"https:\/\/betellugarparatodos.com.ar\/index.php?rest_route=\/wp\/v2\/pages"}],"about":[{"href":"https:\/\/betellugarparatodos.com.ar\/index.php?rest_route=\/wp\/v2\/types\/page"}],"author":[{"embeddable":true,"href":"https:\/\/betellugarparatodos.com.ar\/index.php?rest_route=\/wp\/v2\/users\/1"}],"replies":[{"embeddable":true,"href":"https:\/\/betellugarparatodos.com.ar\/index.php?rest_route=%2Fwp%2Fv2%2Fcomments&post=357"}],"version-history":[{"count":0,"href":"https:\/\/betellugarparatodos.com.ar\/index.php?rest_route=\/wp\/v2\/pages\/357\/revisions"}],"wp:attachment":[{"href":"https:\/\/betellugarparatodos.com.ar\/index.php?rest_route=%2Fwp%2Fv2%2Fmedia&parent=357"}],"curies":[{"name":"wp","href":"https:\/\/api.w.org\/{rel}","templated":true}]}}