{"id":403,"date":"2020-08-24T07:20:37","date_gmt":"2020-08-24T10:20:37","guid":{"rendered":"https:\/\/betellugarparatodos.com.ar\/?page_id=403"},"modified":"2024-08-18T17:32:48","modified_gmt":"2024-08-18T20:32:48","slug":"nosotros","status":"publish","type":"page","link":"https:\/\/betellugarparatodos.com.ar\/?page_id=403","title":{"rendered":"Quienes Somos"},"content":{"rendered":"\n<div class=\"wp-block-uagb-container uagb-block-cf72c8cd alignfull uagb-is-root-container\"><div class=\"uagb-container-inner-blocks-wrap\">\n<div class=\"wp-block-uagb-container uagb-block-7a12f941\">\n<div class=\"wp-block-uagb-advanced-heading uagb-block-6e60ca5a\"><h1 class=\"uagb-heading-text\"><strong>Nosotros<\/strong><\/h1><\/div>\n<\/div>\n<\/div><\/div>\n\n\n\n<div class=\"wp-block-uagb-container uagb-block-8861a21f alignfull uagb-is-root-container\"><div class=\"uagb-container-inner-blocks-wrap\">\n<div class=\"wp-block-uagb-container uagb-block-671e83a3\">\n<h2 class=\"wp-block-heading has-ast-global-color-5-color has-text-color\"><strong>Nuestra historia<\/strong><\/h2>\n\n\n\n<p class=\"has-text-align-left has-ast-global-color-4-color has-text-color has-medium-font-size\">Hace m\u00e1s de 25 a\u00f1os, Dios inspir\u00f3 a un matrimonio de reci\u00e9n casados, nuestros pastores Horacio y Marcela Alberici, a visitar hogares en Tortuguitas, Argentina. As\u00ed comenz\u00f3 la historia de la iglesia Bet-el. En el comedor de la hermana Nely Fleitas, se empezaron a reunir algunas hermanas y almas necesitadas del Se\u00f1or. Con el tiempo, el lugar se qued\u00f3 peque\u00f1o, y Dios permiti\u00f3 que el pastor Horacio adquiriera una peque\u00f1a casa con un local por techar, donde se estableci\u00f3 oficialmente la iglesia Bet-el. La obra de Dios creci\u00f3, y despu\u00e9s de algunos a\u00f1os, se compraron lotes para edificar el templo actual. A pesar de las dificultades, Dios sigui\u00f3 bendiciendo la obra y a\u00f1adiendo almas a la congregaci\u00f3n, incluyendo familias completas. Guiados por el Esp\u00edritu Santo, se organizaron \u00e1reas de trabajo, se apartaron obreros, di\u00e1conos y diaconisas, y se a\u00f1adieron pastores y m\u00fasicos. Actualmente, como Ministerio Bet-el de Tortuguitas, sigue creciendo y se encuentra en una nueva etapa de su historia. Es un lugar para todos, donde la gloria de Dios se manifiesta en cada reuni\u00f3n, y se siente Su amor y Su bendici\u00f3n.<\/p>\n<\/div>\n<\/div><\/div>\n\n\n\n<div class=\"wp-block-uagb-container uagb-block-119e3f40 alignfull uagb-is-root-container\"><div class=\"uagb-container-inner-blocks-wrap\">\n<div class=\"wp-block-uagb-container uagb-block-51fa5316\">\n<h3 class=\"wp-block-heading has-text-align-center\"><strong>En que creemos<\/strong><\/h3>\n<\/div>\n\n\n\n<div class=\"wp-block-uagb-container uagb-block-dfda6159\">\n<div class=\"wp-block-uagb-icon-list uagb-block-04a3b184\"><div class=\"uagb-icon-list__wrap\">\n<div class=\"wp-block-uagb-icon-list-child uagb-block-4c3ed0e4\"><span class=\"uagb-icon-list__source-wrap\"><svg xmlns=\"https:\/\/www.w3.org\/2000\/svg\" viewBox=\"0 0 448 512\"><path d=\"M448 336v-288C448 21.49 426.5 0 400 0H96C42.98 0 0 42.98 0 96v320c0 53.02 42.98 96 96 96h320c17.67 0 32-14.33 32-31.1c0-11.72-6.607-21.52-16-27.1v-81.36C441.8 362.8 448 350.2 448 336zM144 144c0-8.875 7.125-15.1 16-15.1L208 128V80c0-8.875 7.125-15.1 16-15.1l32 .0009c8.875 0 16 7.12 16 15.1V128L320 128c8.875 0 16 7.121 16 15.1v32c0 8.875-7.125 16-16 16L272 192v112c0 8.875-7.125 16-16 16l-32-.0002c-8.875 0-16-7.127-16-16V192L160 192c-8.875 0-16-7.127-16-16V144zM384 448H96c-17.67 0-32-14.33-32-32c0-17.67 14.33-32 32-32h288V448z\"><\/path><\/svg><\/span><span class=\"uagb-icon-list__label\"><strong>La inspiraci\u00f3n de las escrituras<\/strong><\/span><\/div>\n\n\n\n<div class=\"wp-block-uagb-icon-list-child uagb-block-313e2722\"><span class=\"uagb-icon-list__source-wrap\"><svg xmlns=\"https:\/\/www.w3.org\/2000\/svg\" viewBox=\"0 0 448 512\"><path d=\"M448 336v-288C448 21.49 426.5 0 400 0H96C42.98 0 0 42.98 0 96v320c0 53.02 42.98 96 96 96h320c17.67 0 32-14.33 32-31.1c0-11.72-6.607-21.52-16-27.1v-81.36C441.8 362.8 448 350.2 448 336zM144 144c0-8.875 7.125-15.1 16-15.1L208 128V80c0-8.875 7.125-15.1 16-15.1l32 .0009c8.875 0 16 7.12 16 15.1V128L320 128c8.875 0 16 7.121 16 15.1v32c0 8.875-7.125 16-16 16L272 192v112c0 8.875-7.125 16-16 16l-32-.0002c-8.875 0-16-7.127-16-16V192L160 192c-8.875 0-16-7.127-16-16V144zM384 448H96c-17.67 0-32-14.33-32-32c0-17.67 14.33-32 32-32h288V448z\"><\/path><\/svg><\/span><span class=\"uagb-icon-list__label\"><strong>Un solo Dios todo poderoso<\/strong><\/span><\/div>\n\n\n\n<div class=\"wp-block-uagb-icon-list-child uagb-block-f531d991\"><span class=\"uagb-icon-list__source-wrap\"><svg xmlns=\"https:\/\/www.w3.org\/2000\/svg\" viewBox=\"0 0 448 512\"><path d=\"M448 336v-288C448 21.49 426.5 0 400 0H96C42.98 0 0 42.98 0 96v320c0 53.02 42.98 96 96 96h320c17.67 0 32-14.33 32-31.1c0-11.72-6.607-21.52-16-27.1v-81.36C441.8 362.8 448 350.2 448 336zM144 144c0-8.875 7.125-15.1 16-15.1L208 128V80c0-8.875 7.125-15.1 16-15.1l32 .0009c8.875 0 16 7.12 16 15.1V128L320 128c8.875 0 16 7.121 16 15.1v32c0 8.875-7.125 16-16 16L272 192v112c0 8.875-7.125 16-16 16l-32-.0002c-8.875 0-16-7.127-16-16V192L160 192c-8.875 0-16-7.127-16-16V144zM384 448H96c-17.67 0-32-14.33-32-32c0-17.67 14.33-32 32-32h288V448z\"><\/path><\/svg><\/span><span class=\"uagb-icon-list__label\"><strong>El hombre, su ca\u00edda y redenci\u00f3n<\/strong><\/span><\/div>\n<\/div><\/div>\n\n\n\n<div class=\"wp-block-uagb-icon-list uagb-block-d242d091\"><div class=\"uagb-icon-list__wrap\">\n<div class=\"wp-block-uagb-icon-list-child uagb-block-30026ee6\"><span class=\"uagb-icon-list__source-wrap\"><svg xmlns=\"https:\/\/www.w3.org\/2000\/svg\" viewBox=\"0 0 448 512\"><path d=\"M448 336v-288C448 21.49 426.5 0 400 0H96C42.98 0 0 42.98 0 96v320c0 53.02 42.98 96 96 96h320c17.67 0 32-14.33 32-31.1c0-11.72-6.607-21.52-16-27.1v-81.36C441.8 362.8 448 350.2 448 336zM144 144c0-8.875 7.125-15.1 16-15.1L208 128V80c0-8.875 7.125-15.1 16-15.1l32 .0009c8.875 0 16 7.12 16 15.1V128L320 128c8.875 0 16 7.121 16 15.1v32c0 8.875-7.125 16-16 16L272 192v112c0 8.875-7.125 16-16 16l-32-.0002c-8.875 0-16-7.127-16-16V192L160 192c-8.875 0-16-7.127-16-16V144zM384 448H96c-17.67 0-32-14.33-32-32c0-17.67 14.33-32 32-32h288V448z\"><\/path><\/svg><\/span><span class=\"uagb-icon-list__label\"><strong>La salvaci\u00f3n y santificaci\u00f3n de hombre<\/strong><\/span><\/div>\n\n\n\n<div class=\"wp-block-uagb-icon-list-child uagb-block-5235d40f\"><span class=\"uagb-icon-list__source-wrap\"><svg xmlns=\"https:\/\/www.w3.org\/2000\/svg\" viewBox=\"0 0 448 512\"><path d=\"M448 336v-288C448 21.49 426.5 0 400 0H96C42.98 0 0 42.98 0 96v320c0 53.02 42.98 96 96 96h320c17.67 0 32-14.33 32-31.1c0-11.72-6.607-21.52-16-27.1v-81.36C441.8 362.8 448 350.2 448 336zM144 144c0-8.875 7.125-15.1 16-15.1L208 128V80c0-8.875 7.125-15.1 16-15.1l32 .0009c8.875 0 16 7.12 16 15.1V128L320 128c8.875 0 16 7.121 16 15.1v32c0 8.875-7.125 16-16 16L272 192v112c0 8.875-7.125 16-16 16l-32-.0002c-8.875 0-16-7.127-16-16V192L160 192c-8.875 0-16-7.127-16-16V144zM384 448H96c-17.67 0-32-14.33-32-32c0-17.67 14.33-32 32-32h288V448z\"><\/path><\/svg><\/span><span class=\"uagb-icon-list__label\"><strong>Bautismo del Esp\u00edritu Santo<\/strong><\/span><\/div>\n<\/div><\/div>\n<\/div>\n\n\n\n<div class=\"wp-block-uagb-container uagb-block-002a0d04\">\n<div class=\"wp-block-uagb-icon-list uagb-block-9f597838\"><div class=\"uagb-icon-list__wrap\">\n<div class=\"wp-block-uagb-icon-list-child uagb-block-6bebbf47\"><span class=\"uagb-icon-list__source-wrap\"><svg xmlns=\"https:\/\/www.w3.org\/2000\/svg\" viewBox=\"0 0 448 512\"><path d=\"M448 336v-288C448 21.49 426.5 0 400 0H96C42.98 0 0 42.98 0 96v320c0 53.02 42.98 96 96 96h320c17.67 0 32-14.33 32-31.1c0-11.72-6.607-21.52-16-27.1v-81.36C441.8 362.8 448 350.2 448 336zM144 144c0-8.875 7.125-15.1 16-15.1L208 128V80c0-8.875 7.125-15.1 16-15.1l32 .0009c8.875 0 16 7.12 16 15.1V128L320 128c8.875 0 16 7.121 16 15.1v32c0 8.875-7.125 16-16 16L272 192v112c0 8.875-7.125 16-16 16l-32-.0002c-8.875 0-16-7.127-16-16V192L160 192c-8.875 0-16-7.127-16-16V144zM384 448H96c-17.67 0-32-14.33-32-32c0-17.67 14.33-32 32-32h288V448z\"><\/path><\/svg><\/span><span class=\"uagb-icon-list__label\"><strong>La Iglesia<\/strong><\/span><\/div>\n\n\n\n<div class=\"wp-block-uagb-icon-list-child uagb-block-e1940021\"><span class=\"uagb-icon-list__source-wrap\"><svg xmlns=\"https:\/\/www.w3.org\/2000\/svg\" viewBox=\"0 0 448 512\"><path d=\"M448 336v-288C448 21.49 426.5 0 400 0H96C42.98 0 0 42.98 0 96v320c0 53.02 42.98 96 96 96h320c17.67 0 32-14.33 32-31.1c0-11.72-6.607-21.52-16-27.1v-81.36C441.8 362.8 448 350.2 448 336zM144 144c0-8.875 7.125-15.1 16-15.1L208 128V80c0-8.875 7.125-15.1 16-15.1l32 .0009c8.875 0 16 7.12 16 15.1V128L320 128c8.875 0 16 7.121 16 15.1v32c0 8.875-7.125 16-16 16L272 192v112c0 8.875-7.125 16-16 16l-32-.0002c-8.875 0-16-7.127-16-16V192L160 192c-8.875 0-16-7.127-16-16V144zM384 448H96c-17.67 0-32-14.33-32-32c0-17.67 14.33-32 32-32h288V448z\"><\/path><\/svg><\/span><span class=\"uagb-icon-list__label\"><strong>Mayordom\u00eda financiera<\/strong><\/span><\/div>\n\n\n\n<div class=\"wp-block-uagb-icon-list-child uagb-block-c1fa04f4\"><span class=\"uagb-icon-list__source-wrap\"><svg xmlns=\"https:\/\/www.w3.org\/2000\/svg\" viewBox=\"0 0 448 512\"><path d=\"M448 336v-288C448 21.49 426.5 0 400 0H96C42.98 0 0 42.98 0 96v320c0 53.02 42.98 96 96 96h320c17.67 0 32-14.33 32-31.1c0-11.72-6.607-21.52-16-27.1v-81.36C441.8 362.8 448 350.2 448 336zM144 144c0-8.875 7.125-15.1 16-15.1L208 128V80c0-8.875 7.125-15.1 16-15.1l32 .0009c8.875 0 16 7.12 16 15.1V128L320 128c8.875 0 16 7.121 16 15.1v32c0 8.875-7.125 16-16 16L272 192v112c0 8.875-7.125 16-16 16l-32-.0002c-8.875 0-16-7.127-16-16V192L160 192c-8.875 0-16-7.127-16-16V144zM384 448H96c-17.67 0-32-14.33-32-32c0-17.67 14.33-32 32-32h288V448z\"><\/path><\/svg><\/span><span class=\"uagb-icon-list__label\"><strong>Arrebatamiento de la iglesia<\/strong><\/span><\/div>\n<\/div><\/div>\n\n\n\n<div class=\"wp-block-uagb-icon-list uagb-block-5f5b0e21\"><div class=\"uagb-icon-list__wrap\">\n<div class=\"wp-block-uagb-icon-list-child uagb-block-0baf6e87\"><span class=\"uagb-icon-list__source-wrap\"><svg xmlns=\"https:\/\/www.w3.org\/2000\/svg\" viewBox=\"0 0 448 512\"><path d=\"M448 336v-288C448 21.49 426.5 0 400 0H96C42.98 0 0 42.98 0 96v320c0 53.02 42.98 96 96 96h320c17.67 0 32-14.33 32-31.1c0-11.72-6.607-21.52-16-27.1v-81.36C441.8 362.8 448 350.2 448 336zM144 144c0-8.875 7.125-15.1 16-15.1L208 128V80c0-8.875 7.125-15.1 16-15.1l32 .0009c8.875 0 16 7.12 16 15.1V128L320 128c8.875 0 16 7.121 16 15.1v32c0 8.875-7.125 16-16 16L272 192v112c0 8.875-7.125 16-16 16l-32-.0002c-8.875 0-16-7.127-16-16V192L160 192c-8.875 0-16-7.127-16-16V144zM384 448H96c-17.67 0-32-14.33-32-32c0-17.67 14.33-32 32-32h288V448z\"><\/path><\/svg><\/span><span class=\"uagb-icon-list__label\"><strong>Segunda venida y reino milenial de Cristo<\/strong><\/span><\/div>\n\n\n\n<div class=\"wp-block-uagb-icon-list-child uagb-block-7590d6af\"><span class=\"uagb-icon-list__source-wrap\"><svg xmlns=\"https:\/\/www.w3.org\/2000\/svg\" viewBox=\"0 0 448 512\"><path d=\"M448 336v-288C448 21.49 426.5 0 400 0H96C42.98 0 0 42.98 0 96v320c0 53.02 42.98 96 96 96h320c17.67 0 32-14.33 32-31.1c0-11.72-6.607-21.52-16-27.1v-81.36C441.8 362.8 448 350.2 448 336zM144 144c0-8.875 7.125-15.1 16-15.1L208 128V80c0-8.875 7.125-15.1 16-15.1l32 .0009c8.875 0 16 7.12 16 15.1V128L320 128c8.875 0 16 7.121 16 15.1v32c0 8.875-7.125 16-16 16L272 192v112c0 8.875-7.125 16-16 16l-32-.0002c-8.875 0-16-7.127-16-16V192L160 192c-8.875 0-16-7.127-16-16V144zM384 448H96c-17.67 0-32-14.33-32-32c0-17.67 14.33-32 32-32h288V448z\"><\/path><\/svg><\/span><span class=\"uagb-icon-list__label\"><strong>Sanidad divina (Milagros)<\/strong><\/span><\/div>\n<\/div><\/div>\n<\/div>\n\n\n\n<div class=\"wp-block-uagb-container uagb-block-28e321fe\">\n<div class=\"wp-block-uagb-icon-list uagb-block-925dcca2\"><div class=\"uagb-icon-list__wrap\">\n<div class=\"wp-block-uagb-icon-list-child uagb-block-6bad3e6c\"><span class=\"uagb-icon-list__source-wrap\"><svg xmlns=\"https:\/\/www.w3.org\/2000\/svg\" viewBox=\"0 0 448 512\"><path d=\"M448 336v-288C448 21.49 426.5 0 400 0H96C42.98 0 0 42.98 0 96v320c0 53.02 42.98 96 96 96h320c17.67 0 32-14.33 32-31.1c0-11.72-6.607-21.52-16-27.1v-81.36C441.8 362.8 448 350.2 448 336zM144 144c0-8.875 7.125-15.1 16-15.1L208 128V80c0-8.875 7.125-15.1 16-15.1l32 .0009c8.875 0 16 7.12 16 15.1V128L320 128c8.875 0 16 7.121 16 15.1v32c0 8.875-7.125 16-16 16L272 192v112c0 8.875-7.125 16-16 16l-32-.0002c-8.875 0-16-7.127-16-16V192L160 192c-8.875 0-16-7.127-16-16V144zM384 448H96c-17.67 0-32-14.33-32-32c0-17.67 14.33-32 32-32h288V448z\"><\/path><\/svg><\/span><span class=\"uagb-icon-list__label\"><strong>Cielo nuevo y tierra nueva<\/strong><\/span><\/div>\n\n\n\n<div class=\"wp-block-uagb-icon-list-child uagb-block-4e436bd0\"><span class=\"uagb-icon-list__source-wrap\"><svg xmlns=\"https:\/\/www.w3.org\/2000\/svg\" viewBox=\"0 0 448 512\"><path d=\"M448 336v-288C448 21.49 426.5 0 400 0H96C42.98 0 0 42.98 0 96v320c0 53.02 42.98 96 96 96h320c17.67 0 32-14.33 32-31.1c0-11.72-6.607-21.52-16-27.1v-81.36C441.8 362.8 448 350.2 448 336zM144 144c0-8.875 7.125-15.1 16-15.1L208 128V80c0-8.875 7.125-15.1 16-15.1l32 .0009c8.875 0 16 7.12 16 15.1V128L320 128c8.875 0 16 7.121 16 15.1v32c0 8.875-7.125 16-16 16L272 192v112c0 8.875-7.125 16-16 16l-32-.0002c-8.875 0-16-7.127-16-16V192L160 192c-8.875 0-16-7.127-16-16V144zM384 448H96c-17.67 0-32-14.33-32-32c0-17.67 14.33-32 32-32h288V448z\"><\/path><\/svg><\/span><span class=\"uagb-icon-list__label\"><strong>La mesa del se\u00f1or<\/strong><\/span><\/div>\n\n\n\n<div class=\"wp-block-uagb-icon-list-child uagb-block-932dd94e\"><span class=\"uagb-icon-list__source-wrap\"><svg xmlns=\"https:\/\/www.w3.org\/2000\/svg\" viewBox=\"0 0 448 512\"><path d=\"M448 336v-288C448 21.49 426.5 0 400 0H96C42.98 0 0 42.98 0 96v320c0 53.02 42.98 96 96 96h320c17.67 0 32-14.33 32-31.1c0-11.72-6.607-21.52-16-27.1v-81.36C441.8 362.8 448 350.2 448 336zM144 144c0-8.875 7.125-15.1 16-15.1L208 128V80c0-8.875 7.125-15.1 16-15.1l32 .0009c8.875 0 16 7.12 16 15.1V128L320 128c8.875 0 16 7.121 16 15.1v32c0 8.875-7.125 16-16 16L272 192v112c0 8.875-7.125 16-16 16l-32-.0002c-8.875 0-16-7.127-16-16V192L160 192c-8.875 0-16-7.127-16-16V144zM384 448H96c-17.67 0-32-14.33-32-32c0-17.67 14.33-32 32-32h288V448z\"><\/path><\/svg><\/span><span class=\"uagb-icon-list__label\"><strong>El bautismo en agua<\/strong><\/span><\/div>\n<\/div><\/div>\n\n\n\n<div class=\"wp-block-uagb-icon-list uagb-block-33b6e90b\"><div class=\"uagb-icon-list__wrap\">\n<div class=\"wp-block-uagb-icon-list-child uagb-block-fab956f8\"><span class=\"uagb-icon-list__source-wrap\"><svg xmlns=\"https:\/\/www.w3.org\/2000\/svg\" viewBox=\"0 0 448 512\"><path d=\"M448 336v-288C448 21.49 426.5 0 400 0H96C42.98 0 0 42.98 0 96v320c0 53.02 42.98 96 96 96h320c17.67 0 32-14.33 32-31.1c0-11.72-6.607-21.52-16-27.1v-81.36C441.8 362.8 448 350.2 448 336zM144 144c0-8.875 7.125-15.1 16-15.1L208 128V80c0-8.875 7.125-15.1 16-15.1l32 .0009c8.875 0 16 7.12 16 15.1V128L320 128c8.875 0 16 7.121 16 15.1v32c0 8.875-7.125 16-16 16L272 192v112c0 8.875-7.125 16-16 16l-32-.0002c-8.875 0-16-7.127-16-16V192L160 192c-8.875 0-16-7.127-16-16V144zM384 448H96c-17.67 0-32-14.33-32-32c0-17.67 14.33-32 32-32h288V448z\"><\/path><\/svg><\/span><span class=\"uagb-icon-list__label\"><strong>Desaprobaci\u00f3n de doctrinas err\u00f3neas<\/strong><\/span><\/div>\n\n\n\n<div class=\"wp-block-uagb-icon-list-child uagb-block-5d0b88a8\"><span class=\"uagb-icon-list__source-wrap\"><svg xmlns=\"https:\/\/www.w3.org\/2000\/svg\" viewBox=\"0 0 448 512\"><path d=\"M448 336v-288C448 21.49 426.5 0 400 0H96C42.98 0 0 42.98 0 96v320c0 53.02 42.98 96 96 96h320c17.67 0 32-14.33 32-31.1c0-11.72-6.607-21.52-16-27.1v-81.36C441.8 362.8 448 350.2 448 336zM144 144c0-8.875 7.125-15.1 16-15.1L208 128V80c0-8.875 7.125-15.1 16-15.1l32 .0009c8.875 0 16 7.12 16 15.1V128L320 128c8.875 0 16 7.121 16 15.1v32c0 8.875-7.125 16-16 16L272 192v112c0 8.875-7.125 16-16 16l-32-.0002c-8.875 0-16-7.127-16-16V192L160 192c-8.875 0-16-7.127-16-16V144zM384 448H96c-17.67 0-32-14.33-32-32c0-17.67 14.33-32 32-32h288V448z\"><\/path><\/svg><\/span><span class=\"uagb-icon-list__label\"><strong>El juicio final<\/strong><\/span><\/div>\n<\/div><\/div>\n<\/div>\n<\/div><\/div>\n","protected":false},"excerpt":{"rendered":"<p>Nosotros Nuestra historia Hace m\u00e1s de 25 a\u00f1os, Dios inspir\u00f3 a un matrimonio de reci\u00e9n casados, nuestros pastores Horacio y Marcela Alberici, a visitar hogares en Tortuguitas, Argentina. As\u00ed comenz\u00f3 la historia de la iglesia Bet-el. En el comedor de la hermana Nely Fleitas, se empezaron a reunir algunas hermanas y almas necesitadas del Se\u00f1or. [&hellip;]<\/p>\n","protected":false},"author":1,"featured_media":0,"parent":0,"menu_order":0,"comment_status":"closed","ping_status":"closed","template":"","meta":{"_uag_custom_page_level_css":"","site-sidebar-layout":"default","site-content-layout":"plain-container","ast-site-content-layout":"normal-width-container","site-content-style":"unboxed","site-sidebar-style":"unboxed","ast-global-header-display":"","ast-banner-title-visibility":"","ast-main-header-display":"","ast-hfb-above-header-display":"","ast-hfb-below-header-display":"","ast-hfb-mobile-header-display":"","site-post-title":"disabled","ast-breadcrumbs-content":"","ast-featured-img":"","footer-sml-layout":"","ast-disable-related-posts":"","theme-transparent-header-meta":"enabled","adv-header-id-meta":"","stick-header-meta":"","header-above-stick-meta":"","header-main-stick-meta":"","header-below-stick-meta":"","astra-migrate-meta-layouts":"set","ast-page-background-enabled":"default","ast-page-background-meta":{"desktop":{"background-color":"","background-image":"","background-repeat":"repeat","background-position":"center center","background-size":"auto","background-attachment":"scroll","background-type":"","background-media":"","overlay-type":"","overlay-color":"","overlay-opacity":"","overlay-gradient":""},"tablet":{"background-color":"","background-image":"","background-repeat":"repeat","background-position":"center center","background-size":"auto","background-attachment":"scroll","background-type":"","background-media":"","overlay-type":"","overlay-color":"","overlay-opacity":"","overlay-gradient":""},"mobile":{"background-color":"","background-image":"","background-repeat":"repeat","background-position":"center center","background-size":"auto","background-attachment":"scroll","background-type":"","background-media":"","overlay-type":"","overlay-color":"","overlay-opacity":"","overlay-gradient":""}},"ast-content-background-meta":{"desktop":{"background-color":"var(--ast-global-color-5)","background-image":"","background-repeat":"repeat","background-position":"center center","background-size":"auto","background-attachment":"scroll","background-type":"","background-media":"","overlay-type":"","overlay-color":"","overlay-opacity":"","overlay-gradient":""},"tablet":{"background-color":"var(--ast-global-color-5)","background-image":"","background-repeat":"repeat","background-position":"center center","background-size":"auto","background-attachment":"scroll","background-type":"","background-media":"","overlay-type":"","overlay-color":"","overlay-opacity":"","overlay-gradient":""},"mobile":{"background-color":"var(--ast-global-color-5)","background-image":"","background-repeat":"repeat","background-position":"center center","background-size":"auto","background-attachment":"scroll","background-type":"","background-media":"","overlay-type":"","overlay-color":"","overlay-opacity":"","overlay-gradient":""}},"footnotes":""},"class_list":["post-403","page","type-page","status-publish","hentry"],"uagb_featured_image_src":{"full":false,"thumbnail":false,"medium":false,"medium_large":false,"large":false,"1536x1536":false,"2048x2048":false},"uagb_author_info":{"display_name":"Maximiliano","author_link":"https:\/\/betellugarparatodos.com.ar\/?author=1"},"uagb_comment_info":0,"uagb_excerpt":"Nosotros Nuestra historia Hace m\u00e1s de 25 a\u00f1os, Dios inspir\u00f3 a un matrimonio de reci\u00e9n casados, nuestros pastores Horacio y Marcela Alberici, a visitar hogares en Tortuguitas, Argentina. As\u00ed comenz\u00f3 la historia de la iglesia Bet-el. En el comedor de la hermana Nely Fleitas, se empezaron a reunir algunas hermanas y almas necesitadas del Se\u00f1or.&hellip;","_links":{"self":[{"href":"https:\/\/betellugarparatodos.com.ar\/index.php?rest_route=\/wp\/v2\/pages\/403","targetHints":{"allow":["GET"]}}],"collection":[{"href":"https:\/\/betellugarparatodos.com.ar\/index.php?rest_route=\/wp\/v2\/pages"}],"about":[{"href":"https:\/\/betellugarparatodos.com.ar\/index.php?rest_route=\/wp\/v2\/types\/page"}],"author":[{"embeddable":true,"href":"https:\/\/betellugarparatodos.com.ar\/index.php?rest_route=\/wp\/v2\/users\/1"}],"replies":[{"embeddable":true,"href":"https:\/\/betellugarparatodos.com.ar\/index.php?rest_route=%2Fwp%2Fv2%2Fcomments&post=403"}],"version-history":[{"count":2,"href":"https:\/\/betellugarparatodos.com.ar\/index.php?rest_route=\/wp\/v2\/pages\/403\/revisions"}],"predecessor-version":[{"id":1748,"href":"https:\/\/betellugarparatodos.com.ar\/index.php?rest_route=\/wp\/v2\/pages\/403\/revisions\/1748"}],"wp:attachment":[{"href":"https:\/\/betellugarparatodos.com.ar\/index.php?rest_route=%2Fwp%2Fv2%2Fmedia&parent=403"}],"curies":[{"name":"wp","href":"https:\/\/api.w.org\/{rel}","templated":true}]}}